{"id":5938,"date":"2022-09-24T13:33:24","date_gmt":"2022-09-24T12:33:24","guid":{"rendered":"https:\/\/kupi-cz.com\/pt\/?post_type=product&#038;p=5938"},"modified":"2023-08-05T02:42:01","modified_gmt":"2023-08-05T01:42:01","slug":"foot-trooper","status":"publish","type":"product","link":"https:\/\/kupi-cz.com\/pt\/loja\/foot-trooper\/","title":{"rendered":"Foot Trooper"},"content":{"rendered":"<h2>Descri\u00e7\u00e3o do Produto<\/h2>\n<p>Apresentamos o Foot Trooper, um spray para os p\u00e9s multifuncional, com base em uma receita militar comprovada. Este produto revolucion\u00e1rio reduz a transpira\u00e7\u00e3o e previne o desenvolvimento de infec\u00e7\u00f5es f\u00fangicas. Com um componente ativo adicional, o clotrimazol, o Foot Trooper \u00e9 embalado em uma caixa acompanhada por um frasco branco de 30ml, equipado com um spray para f\u00e1cil aplica\u00e7\u00e3o.<\/p>\n<h2>Benef\u00edcios Eficazes para os seus P\u00e9s<\/h2>\n<p>O Foot Trooper \u00e9 uma solu\u00e7\u00e3o que vai muito al\u00e9m dos recursos convencionais. Concentramos nossa aten\u00e7\u00e3o nos benef\u00edcios que voc\u00ea, como cliente, receber\u00e1 ao adquirir este produto inovador. Desenvolvido com o objetivo de ajudar as pessoas com risco de desenvolver fungos nos p\u00e9s, o Foot Trooper tem uma a\u00e7\u00e3o dupla. N\u00e3o s\u00f3 ajuda a se livrar do fungo, mas tamb\u00e9m previne seu reaparecimento.<\/p>\n<p>Ao utilizar o Foot Trooper regularmente, voc\u00ea perceber\u00e1 que a sudorese excessiva ser\u00e1 regulada, o que significa adeus ao desconforto causado pela umidade excessiva nos p\u00e9s. Al\u00e9m disso, o spray elimina coceiras e o desagrad\u00e1vel odor do suor, proporcionando uma sensa\u00e7\u00e3o de frescor e conforto duradouro. Seus p\u00e9s merecem o melhor cuidado e o Foot Trooper est\u00e1 aqui para atender \u00e0s suas necessidades.<\/p>\n<h2>Uma F\u00f3rmula Poderosa<\/h2>\n<p>A f\u00f3rmula do Foot Trooper combina a efic\u00e1cia do clotrimazol, um antif\u00fangico reconhecido, com ingredientes \u00e0 base de plantas cuidadosamente selecionados. Cada componente tem um papel importante para garantir que seus p\u00e9s estejam livres de infec\u00e7\u00f5es f\u00fangicas e sempre saud\u00e1veis.<\/p>\n<p><strong>\u00d3leo de Citrus:<\/strong> Um agente antif\u00fangico e antiss\u00e9ptico natural de alto poder. Destroi o fungo, suas esporos e mic\u00e9lio, impedindo sua multiplica\u00e7\u00e3o. Combate tamb\u00e9m as bact\u00e9rias.<\/p>\n<p><strong>Serina (extrato de seda):<\/strong> Um amino\u00e1cido extra\u00eddo da seda que condiciona a pele, hidratando-a e prevenindo a transpira\u00e7\u00e3o excessiva.<\/p>\n<p><strong>Mentol:<\/strong> Possui propriedades de resfriamento e esteriliza\u00e7\u00e3o da pele e unhas. Contrai os vasos sangu\u00edneos, reduzindo a sensibilidade das termina\u00e7\u00f5es nervosas, aliviando a dor e coceira. Proporciona uma sensa\u00e7\u00e3o de frescor na pele e um conforto duradouro.<\/p>\n<p><strong>Extrato de Mel:<\/strong> Cuida da pele dos p\u00e9s, hidratando, amaciando e protegendo contra rachaduras, al\u00e9m de curar abras\u00f5es e calosidades.<\/p>\n<p>O clotrimazol, um dos ingredientes-chave, destr\u00f3i a maioria dos tipos conhecidos de infec\u00e7\u00f5es f\u00fangicas e impede sua dissemina\u00e7\u00e3o.<\/p>\n<h2>O Poder Transformador do Foot Trooper<\/h2>\n<div class=\"group w-full text-gray-800 dark:text-gray-100 border-b border-black\/10 dark:border-gray-900\/50 bg-gray-50 dark:bg-[#444654] sm:AIPRM__conversation__response\">\n<div class=\"flex p-4 gap-4 text-base md:gap-6 md:max-w-2xl lg:max-w-[38rem] xl:max-w-3xl md:py-6 lg:px-0 m-auto\">\n<div class=\"relative flex w-[calc(100%-50px)] flex-col gap-1 md:gap-3 lg:w-[calc(100%-115px)]\">\n<div class=\"flex flex-grow flex-col gap-3\">\n<div class=\"min-h-[20px] flex items-start overflow-x-auto whitespace-pre-wrap break-words flex-col gap-4\">\n<div class=\"markdown prose w-full break-words dark:prose-invert light AIPRM__conversation__response\">\n<p>Um param\u00e9dico militar desenvolveu o Foot Trooper ap\u00f3s receber uma receita valiosa de moradores locais durante uma miss\u00e3o de paz na \u00c1sia. Eles comprovaram a efic\u00e1cia deste produto nos ambientes mais desafiadores, onde as condi\u00e7\u00f5es prec\u00e1rias aumentavam o risco de infec\u00e7\u00f5es f\u00fangicas.<\/p>\n<\/div>\n<\/div>\n<\/div>\n<\/div>\n<\/div>\n<\/div>\n<p>Agora, voc\u00ea pode desfrutar dos benef\u00edcios deste produto incr\u00edvel no conforto de sua casa. O este produto \u00e9 a solu\u00e7\u00e3o perfeita para quem deseja ter p\u00e9s saud\u00e1veis, livres de fungos e com uma sensa\u00e7\u00e3o de frescor durante todo o dia.<\/p>\n<h2>Modo de Aplica\u00e7\u00e3o:<\/h2>\n<p>1) Aplique o spray Foot Trooper nos p\u00e9s.<\/p>\n<p>2) Aguarde um minuto para que o spray seque.<\/p>\n<p>3) Coloque meias limpas.<\/p>\n<p>4) Use diariamente para obter melhores resultados.<\/p>\n<p>Adquira agora o Foot Trooper e experimente a diferen\u00e7a que este spray multifuncional pode fazer em sua vida. Cuide bem dos seus p\u00e9s e sinta-se confiante e confort\u00e1vel em qualquer situa\u00e7\u00e3o.<\/p>\n","protected":false},"excerpt":{"rendered":"<p>Descubra o poder do Spray Multifuncional Foot Trooper! Reduz a transpira\u00e7\u00e3o, previne infec\u00e7\u00f5es f\u00fangicas e elimina o mau odor. Combina clotrimazol e ingredientes naturais para combater o fungo, regular a transpira\u00e7\u00e3o e proporcionar frescor. Experimente agora e sinta o al\u00edvio nos p\u00e9s!<\/p>\n","protected":false},"featured_media":6191,"comment_status":"open","ping_status":"closed","template":"","meta":{"site-sidebar-layout":"default","site-content-layout":"default","ast-site-content-layout":"default","site-content-style":"default","site-sidebar-style":"default","ast-global-header-display":"","ast-banner-title-visibility":"","ast-main-header-display":"","ast-hfb-above-header-display":"","ast-hfb-below-header-display":"","ast-hfb-mobile-header-display":"","site-post-title":"","ast-breadcrumbs-content":"","ast-featured-img":"","footer-sml-layout":"","ast-disable-related-posts":"","theme-transparent-header-meta":"default","adv-header-id-meta":"","stick-header-meta":"","header-above-stick-meta":"","header-main-stick-meta":"","header-below-stick-meta":"","astra-migrate-meta-layouts":"default","ast-page-background-enabled":"default","ast-page-background-meta":{"desktop":{"background-color":"","background-image":"","background-repeat":"repeat","background-position":"center center","background-size":"auto","background-attachment":"scroll","background-type":"","background-media":"","overlay-type":"","overlay-color":"","overlay-opacity":"","overlay-gradient":""},"tablet":{"background-color":"","background-image":"","background-repeat":"repeat","background-position":"center center","background-size":"auto","background-attachment":"scroll","background-type":"","background-media":"","overlay-type":"","overlay-color":"","overlay-opacity":"","overlay-gradient":""},"mobile":{"background-color":"","background-image":"","background-repeat":"repeat","background-position":"center center","background-size":"auto","background-attachment":"scroll","background-type":"","background-media":"","overlay-type":"","overlay-color":"","overlay-opacity":"","overlay-gradient":""}},"ast-content-background-meta":{"desktop":{"background-color":"var(--ast-global-color-5)","background-image":"","background-repeat":"repeat","background-position":"center center","background-size":"auto","background-attachment":"scroll","background-type":"","background-media":"","overlay-type":"","overlay-color":"","overlay-opacity":"","overlay-gradient":""},"tablet":{"background-color":"var(--ast-global-color-5)","background-image":"","background-repeat":"repeat","background-position":"center center","background-size":"auto","background-attachment":"scroll","background-type":"","background-media":"","overlay-type":"","overlay-color":"","overlay-opacity":"","overlay-gradient":""},"mobile":{"background-color":"var(--ast-global-color-5)","background-image":"","background-repeat":"repeat","background-position":"center center","background-size":"auto","background-attachment":"scroll","background-type":"","background-media":"","overlay-type":"","overlay-color":"","overlay-opacity":"","overlay-gradient":""}}},"product_brand":[],"product_cat":[40],"product_tag":[],"class_list":{"0":"post-5938","1":"product","2":"type-product","3":"status-publish","4":"has-post-thumbnail","6":"product_cat-saude-e-bem-estar","7":"desktop-align-left","8":"tablet-align-left","9":"mobile-align-left","11":"first","12":"instock","13":"shipping-taxable","14":"purchasable","15":"product-type-simple"},"_links":{"self":[{"href":"https:\/\/kupi-cz.com\/pt\/wp-json\/wp\/v2\/product\/5938","targetHints":{"allow":["GET"]}}],"collection":[{"href":"https:\/\/kupi-cz.com\/pt\/wp-json\/wp\/v2\/product"}],"about":[{"href":"https:\/\/kupi-cz.com\/pt\/wp-json\/wp\/v2\/types\/product"}],"replies":[{"embeddable":true,"href":"https:\/\/kupi-cz.com\/pt\/wp-json\/wp\/v2\/comments?post=5938"}],"wp:featuredmedia":[{"embeddable":true,"href":"https:\/\/kupi-cz.com\/pt\/wp-json\/wp\/v2\/media\/6191"}],"wp:attachment":[{"href":"https:\/\/kupi-cz.com\/pt\/wp-json\/wp\/v2\/media?parent=5938"}],"wp:term":[{"taxonomy":"product_brand","embeddable":true,"href":"https:\/\/kupi-cz.com\/pt\/wp-json\/wp\/v2\/product_brand?post=5938"},{"taxonomy":"product_cat","embeddable":true,"href":"https:\/\/kupi-cz.com\/pt\/wp-json\/wp\/v2\/product_cat?post=5938"},{"taxonomy":"product_tag","embeddable":true,"href":"https:\/\/kupi-cz.com\/pt\/wp-json\/wp\/v2\/product_tag?post=5938"}],"curies":[{"name":"wp","href":"https:\/\/api.w.org\/{rel}","templated":true}]}}