{"id":5616,"date":"2022-09-11T19:39:58","date_gmt":"2022-09-11T18:39:58","guid":{"rendered":"https:\/\/kupi-cz.com\/pt\/?page_id=5616"},"modified":"2022-10-14T13:14:09","modified_gmt":"2022-10-14T12:14:09","slug":"pagamento","status":"publish","type":"page","link":"https:\/\/kupi-cz.com\/pt\/pagamento\/","title":{"rendered":"Pagamento"},"content":{"rendered":"<p>A Loja Online Kupi-Cz.com disponibiliza ao utilizador a seguinte modalidade de pagamento.<\/p>\n<h2>M\u00e9todo de pagamento<\/h2>\n<ul>\n<li><strong>Dinheiro na entrega<\/strong>. Pague com dinheiro na entrega.<\/li>\n<li><strong>Transfer\u00eancia banc\u00e1ria direta<\/strong>. Fa\u00e7a seu pagamento diretamente em nossa conta banc\u00e1ria. Se poss\u00edvel informe o ID do seu pedido como identifica\u00e7\u00e3o do seu dep\u00f3sito ou transfer\u00eancia. Para pagamentos via DOC, seu pedido n\u00e3o ser\u00e1 enviado enquanto o pagamento n\u00e3o for compensado.<\/li>\n<\/ul>\n<p>Os pagamentos s\u00e3o recebidos em euros, independentemente da moeda com que \u00e9 efectuada a transa\u00e7\u00e3o. As taxas de convers\u00e3o dos pagamentos feitos em outras moedas ter\u00e3o de ser suportadas pelo cliente.<\/p>\n<p><a class=\"row-title\" href=\"https:\/\/kupi-cz.com\/pt\/politica-de-privacidade\/\" aria-label=\"Politica de Privacidade\">Politica de Privacidade<\/a><\/p>\n<p><a class=\"row-title\" href=\"https:\/\/kupi-cz.com\/pt\/termos-e-condicoes\/\" aria-label=\"Termos e Condi\u00e7\u00f5es de Utiliza\u00e7\u00e3o\">Termos e Condi\u00e7\u00f5es de Utiliza\u00e7\u00e3o<\/a><\/p>\n<p><a class=\"row-title\" href=\"https:\/\/kupi-cz.com\/pt\/politica-de-cookies\/\" aria-label=\"Pol\u00edtica de Cookies\">Pol\u00edtica de Cookies<\/a><\/p>\n<p><a class=\"row-title\" href=\"https:\/\/kupi-cz.com\/pt\/devolucoes-trocas\/\" aria-label=\"Devolu\u00e7\u00f5es &amp; Trocas\">Devolu\u00e7\u00f5es &amp; Trocas<\/a><\/p>\n","protected":false},"excerpt":{"rendered":"<p>A Loja Online Kupi-Cz.com disponibiliza ao utilizador a seguinte modalidade de pagamento. M\u00e9todo de pagamento Dinheiro na entrega. Pague com dinheiro na entrega. Transfer\u00eancia banc\u00e1ria direta. Fa\u00e7a seu pagamento diretamente em nossa conta banc\u00e1ria. Se poss\u00edvel informe o ID do seu pedido como identifica\u00e7\u00e3o do seu dep\u00f3sito ou transfer\u00eancia. Para pagamentos via DOC, seu pedido [&hellip;]<\/p>\n","protected":false},"author":5,"featured_media":6145,"parent":0,"menu_order":0,"comment_status":"closed","ping_status":"closed","template":"","meta":{"site-sidebar-layout":"default","site-content-layout":"default","ast-site-content-layout":"default","site-content-style":"default","site-sidebar-style":"default","ast-global-header-display":"","ast-banner-title-visibility":"","ast-main-header-display":"","ast-hfb-above-header-display":"","ast-hfb-below-header-display":"","ast-hfb-mobile-header-display":"","site-post-title":"","ast-breadcrumbs-content":"","ast-featured-img":"disabled","footer-sml-layout":"","ast-disable-related-posts":"","theme-transparent-header-meta":"default","adv-header-id-meta":"","stick-header-meta":"","header-above-stick-meta":"","header-main-stick-meta":"","header-below-stick-meta":"","astra-migrate-meta-layouts":"default","ast-page-background-enabled":"default","ast-page-background-meta":{"desktop":{"background-color":"","background-image":"","background-repeat":"repeat","background-position":"center center","background-size":"auto","background-attachment":"scroll","background-type":"","background-media":"","overlay-type":"","overlay-color":"","overlay-opacity":"","overlay-gradient":""},"tablet":{"background-color":"","background-image":"","background-repeat":"repeat","background-position":"center center","background-size":"auto","background-attachment":"scroll","background-type":"","background-media":"","overlay-type":"","overlay-color":"","overlay-opacity":"","overlay-gradient":""},"mobile":{"background-color":"","background-image":"","background-repeat":"repeat","background-position":"center center","background-size":"auto","background-attachment":"scroll","background-type":"","background-media":"","overlay-type":"","overlay-color":"","overlay-opacity":"","overlay-gradient":""}},"ast-content-background-meta":{"desktop":{"background-color":"var(--ast-global-color-5)","background-image":"","background-repeat":"repeat","background-position":"center center","background-size":"auto","background-attachment":"scroll","background-type":"","background-media":"","overlay-type":"","overlay-color":"","overlay-opacity":"","overlay-gradient":""},"tablet":{"background-color":"var(--ast-global-color-5)","background-image":"","background-repeat":"repeat","background-position":"center center","background-size":"auto","background-attachment":"scroll","background-type":"","background-media":"","overlay-type":"","overlay-color":"","overlay-opacity":"","overlay-gradient":""},"mobile":{"background-color":"var(--ast-global-color-5)","background-image":"","background-repeat":"repeat","background-position":"center center","background-size":"auto","background-attachment":"scroll","background-type":"","background-media":"","overlay-type":"","overlay-color":"","overlay-opacity":"","overlay-gradient":""}},"footnotes":""},"class_list":["post-5616","page","type-page","status-publish","has-post-thumbnail","hentry"],"_links":{"self":[{"href":"https:\/\/kupi-cz.com\/pt\/wp-json\/wp\/v2\/pages\/5616","targetHints":{"allow":["GET"]}}],"collection":[{"href":"https:\/\/kupi-cz.com\/pt\/wp-json\/wp\/v2\/pages"}],"about":[{"href":"https:\/\/kupi-cz.com\/pt\/wp-json\/wp\/v2\/types\/page"}],"author":[{"embeddable":true,"href":"https:\/\/kupi-cz.com\/pt\/wp-json\/wp\/v2\/users\/5"}],"replies":[{"embeddable":true,"href":"https:\/\/kupi-cz.com\/pt\/wp-json\/wp\/v2\/comments?post=5616"}],"version-history":[{"count":0,"href":"https:\/\/kupi-cz.com\/pt\/wp-json\/wp\/v2\/pages\/5616\/revisions"}],"wp:featuredmedia":[{"embeddable":true,"href":"https:\/\/kupi-cz.com\/pt\/wp-json\/wp\/v2\/media\/6145"}],"wp:attachment":[{"href":"https:\/\/kupi-cz.com\/pt\/wp-json\/wp\/v2\/media?parent=5616"}],"curies":[{"name":"wp","href":"https:\/\/api.w.org\/{rel}","templated":true}]}}