{"id":5611,"date":"2022-09-11T19:29:23","date_gmt":"2022-09-11T18:29:23","guid":{"rendered":"https:\/\/kupi-cz.com\/pt\/?page_id=5611"},"modified":"2022-10-14T14:11:56","modified_gmt":"2022-10-14T13:11:56","slug":"entrega","status":"publish","type":"page","link":"https:\/\/kupi-cz.com\/pt\/entrega\/","title":{"rendered":"Entrega"},"content":{"rendered":"<h2>M\u00e9todo de Envio<\/h2>\n<ul>\n<li>Envio por courier<\/li>\n<li>Entrega ao domic\u00edlio<\/li>\n<li>Entrega ao local de trabalho<\/li>\n<\/ul>\n<h2>Entrega<\/h2>\n<p>1 As encomendas s\u00f3 ser\u00e3o enviadas ap\u00f3s confirma\u00e7\u00e3o de stock e pagamento e com a maior brevidade poss\u00edvel.<\/p>\n<p>2 A entrega das encomendas ser\u00e1 efectuada para a morada indicada pelo cliente e de acordo com os hor\u00e1rios de entrega da empresa transportadora. A entrega ao domic\u00edlio n\u00e3o pode ser feita em apartados. Podem ser efectuadas entregas de encomendas fora de Portugal continental, desde que o endere\u00e7o esteja abrangido pela \u00e1rea de entrega da transportadora.<\/p>\n<p>3 Como o servi\u00e7o de transporte \u00e9 contratado a uma empresa, os poss\u00edveis atrasos nas entregas n\u00e3o podem ser resolvidos pela Kupi-Cz.com\/pt\/, n\u00e3o sendo poss\u00edvel, nesses casos, garantir prazos exatos de entrega.<\/p>\n<p>4 Se por algum motivo o cliente n\u00e3o possa receber a encomenda ou levant\u00e1-la no local indicado pela transportadora, solicita-se ao cliente que entre em contacto de imediato com a Loja Online da Kupi-Cz.com\/pt\/ atrav\u00e9s do email <span data-sheets-value=\"{&quot;1&quot;:2,&quot;2&quot;:&quot;portugal@kupi-cz.com&quot;}\" data-sheets-userformat=\"{&quot;2&quot;:513,&quot;3&quot;:{&quot;1&quot;:0},&quot;12&quot;:0}\">portugal@kupi-cz.com<\/span>.<\/p>\n<p>5 Todos os produtos enviados pela Kupi-Cz.com\/pt\/ devem ser verificados no ato da entrega. Se o cliente verificar que a encomenda se encontra danificada, dever\u00e1 devolv\u00ea-la de imediato \u00e0 empresa transportadora, indicar o motivo da devolu\u00e7\u00e3o na guia de remessa e informar de imediato a Loja Online da Kupi-Cz.com atrav\u00e9s do email <span data-sheets-value=\"{&quot;1&quot;:2,&quot;2&quot;:&quot;portugal@kupi-cz.com&quot;}\" data-sheets-userformat=\"{&quot;2&quot;:513,&quot;3&quot;:{&quot;1&quot;:0},&quot;12&quot;:0}\">portugal@kupi-cz.com<\/span>.<\/p>\n<p>6 Se ap\u00f3s a entrega, o cliente verificar que algum dos artigos n\u00e3o se encontra em conformidade, \u00e9 solicitado que entre em contacte de imediato com a Kupi-Cz.com\/pt\/ atrav\u00e9s do e-mail <span data-sheets-value=\"{&quot;1&quot;:2,&quot;2&quot;:&quot;portugal@kupi-cz.com&quot;}\" data-sheets-userformat=\"{&quot;2&quot;:513,&quot;3&quot;:{&quot;1&quot;:0},&quot;12&quot;:0}\">portugal@kupi-cz.com<\/span> indicando o numero da encomenda ou o numero do documento que acompanhou a encomenda, anexando imagens da embalagem conforme a recebeu e de todos os artigos, para que possa ser solucionada a situa\u00e7\u00e3o com a maior brevidade poss\u00edvel.<\/p>\n<h2>Portes de envio<\/h2>\n<p>1 Portes de envio: Envio gr\u00e1tis.<\/p>\n<p>2. O valor dos portes \u00e9 indicado no carrinho de compras antes da valida\u00e7\u00e3o final da encomenda, no caso de entregas para Portugal Continental.<\/p>\n<p>3. Para entregas fora de Portugal Continental, o pre\u00e7o total dos portes \u00e9 calculado depois da confirma\u00e7\u00e3o da encomenda do cliente para o email <span data-sheets-value=\"{&quot;1&quot;:2,&quot;2&quot;:&quot;portugal@kupi-cz.com&quot;}\" data-sheets-userformat=\"{&quot;2&quot;:513,&quot;3&quot;:{&quot;1&quot;:0},&quot;12&quot;:0}\">portugal@kupi-cz.com<\/span>.<\/p>\n<p><a class=\"row-title\" href=\"https:\/\/kupi-cz.com\/pt\/politica-de-privacidade\/\" aria-label=\"Politica de Privacidade\">Politica de Privacidade<\/a><\/p>\n<p><a class=\"row-title\" href=\"https:\/\/kupi-cz.com\/pt\/termos-e-condicoes\/\" aria-label=\"Termos e Condi\u00e7\u00f5es de Utiliza\u00e7\u00e3o\">Termos e Condi\u00e7\u00f5es de Utiliza\u00e7\u00e3o<\/a><\/p>\n<p><a class=\"row-title\" href=\"https:\/\/kupi-cz.com\/pt\/politica-de-cookies\/\" aria-label=\"Pol\u00edtica de Cookies\">Pol\u00edtica de Cookies<\/a><\/p>\n<p><a class=\"row-title\" href=\"https:\/\/kupi-cz.com\/pt\/devolucoes-trocas\/\" aria-label=\"Devolu\u00e7\u00f5es &amp; Trocas\">Devolu\u00e7\u00f5es &amp; Trocas<\/a><\/p>\n","protected":false},"excerpt":{"rendered":"<p>M\u00e9todo de Envio Envio por courier Entrega ao domic\u00edlio Entrega ao local de trabalho Entrega 1 As encomendas s\u00f3 ser\u00e3o enviadas ap\u00f3s confirma\u00e7\u00e3o de stock e pagamento e com a maior brevidade poss\u00edvel. 2 A entrega das encomendas ser\u00e1 efectuada para a morada indicada pelo cliente e de acordo com os hor\u00e1rios de entrega da [&hellip;]<\/p>\n","protected":false},"author":5,"featured_media":6138,"parent":0,"menu_order":0,"comment_status":"closed","ping_status":"closed","template":"","meta":{"site-sidebar-layout":"default","site-content-layout":"default","ast-site-content-layout":"default","site-content-style":"default","site-sidebar-style":"default","ast-global-header-display":"","ast-banner-title-visibility":"","ast-main-header-display":"","ast-hfb-above-header-display":"","ast-hfb-below-header-display":"","ast-hfb-mobile-header-display":"","site-post-title":"","ast-breadcrumbs-content":"","ast-featured-img":"disabled","footer-sml-layout":"","ast-disable-related-posts":"","theme-transparent-header-meta":"default","adv-header-id-meta":"","stick-header-meta":"","header-above-stick-meta":"","header-main-stick-meta":"","header-below-stick-meta":"","astra-migrate-meta-layouts":"default","ast-page-background-enabled":"default","ast-page-background-meta":{"desktop":{"background-color":"","background-image":"","background-repeat":"repeat","background-position":"center center","background-size":"auto","background-attachment":"scroll","background-type":"","background-media":"","overlay-type":"","overlay-color":"","overlay-opacity":"","overlay-gradient":""},"tablet":{"background-color":"","background-image":"","background-repeat":"repeat","background-position":"center center","background-size":"auto","background-attachment":"scroll","background-type":"","background-media":"","overlay-type":"","overlay-color":"","overlay-opacity":"","overlay-gradient":""},"mobile":{"background-color":"","background-image":"","background-repeat":"repeat","background-position":"center center","background-size":"auto","background-attachment":"scroll","background-type":"","background-media":"","overlay-type":"","overlay-color":"","overlay-opacity":"","overlay-gradient":""}},"ast-content-background-meta":{"desktop":{"background-color":"var(--ast-global-color-5)","background-image":"","background-repeat":"repeat","background-position":"center center","background-size":"auto","background-attachment":"scroll","background-type":"","background-media":"","overlay-type":"","overlay-color":"","overlay-opacity":"","overlay-gradient":""},"tablet":{"background-color":"var(--ast-global-color-5)","background-image":"","background-repeat":"repeat","background-position":"center center","background-size":"auto","background-attachment":"scroll","background-type":"","background-media":"","overlay-type":"","overlay-color":"","overlay-opacity":"","overlay-gradient":""},"mobile":{"background-color":"var(--ast-global-color-5)","background-image":"","background-repeat":"repeat","background-position":"center center","background-size":"auto","background-attachment":"scroll","background-type":"","background-media":"","overlay-type":"","overlay-color":"","overlay-opacity":"","overlay-gradient":""}},"footnotes":""},"class_list":["post-5611","page","type-page","status-publish","has-post-thumbnail","hentry"],"_links":{"self":[{"href":"https:\/\/kupi-cz.com\/pt\/wp-json\/wp\/v2\/pages\/5611","targetHints":{"allow":["GET"]}}],"collection":[{"href":"https:\/\/kupi-cz.com\/pt\/wp-json\/wp\/v2\/pages"}],"about":[{"href":"https:\/\/kupi-cz.com\/pt\/wp-json\/wp\/v2\/types\/page"}],"author":[{"embeddable":true,"href":"https:\/\/kupi-cz.com\/pt\/wp-json\/wp\/v2\/users\/5"}],"replies":[{"embeddable":true,"href":"https:\/\/kupi-cz.com\/pt\/wp-json\/wp\/v2\/comments?post=5611"}],"version-history":[{"count":0,"href":"https:\/\/kupi-cz.com\/pt\/wp-json\/wp\/v2\/pages\/5611\/revisions"}],"wp:featuredmedia":[{"embeddable":true,"href":"https:\/\/kupi-cz.com\/pt\/wp-json\/wp\/v2\/media\/6138"}],"wp:attachment":[{"href":"https:\/\/kupi-cz.com\/pt\/wp-json\/wp\/v2\/media?parent=5611"}],"curies":[{"name":"wp","href":"https:\/\/api.w.org\/{rel}","templated":true}]}}