{"id":3,"date":"2022-09-02T22:18:58","date_gmt":"2022-09-02T22:18:58","guid":{"rendered":"https:\/\/kupi-cz.com\/pt\/?page_id=3"},"modified":"2023-02-12T16:16:57","modified_gmt":"2023-02-12T16:16:57","slug":"politica-de-privacidade","status":"publish","type":"page","link":"https:\/\/kupi-cz.com\/pt\/politica-de-privacidade\/","title":{"rendered":"Politica de Privacidade"},"content":{"rendered":"<h2>Pol\u00edtica de privacidade para Utilizadores do Site e Clientes Finais<\/h2>\n<p>Este site <span data-sheets-value=\"{&quot;1&quot;:2,&quot;2&quot;:&quot;portugal@kupi-cz.com&quot;}\" data-sheets-userformat=\"{&quot;2&quot;:513,&quot;3&quot;:{&quot;1&quot;:0},&quot;12&quot;:0}\">kupi-cz.com\/pt\/<\/span> \u00e9 operado por Kupi Cz s.r.o. e sede na R. Joaquim Agostinho 16, 1750-126 Lisboa, Portugal (doravante \u201cKupi Cz\u201d ou \u201cn\u00f3s\u201d). Esta pol\u00edtica de privacidade descreve como n\u00f3s recolhemos e processamos seus dados pessoais. A Kupi Cz est\u00e1 empenhada em proteger os dados pessoais dos seus clientes e utilizadores do website, tendo para o efeito elaborado a presente Pol\u00edtica de Privacidade com o objetivo de dar a conhecer o seu compromisso e respeito para com as regras relativas \u00e0 privacidade e \u00e0 prote\u00e7\u00e3o de dados pessoais que recolhemos e tratamos em respeito com o Regulamento Geral de Prote\u00e7\u00e3o de Dados (RGPD).<\/p>\n<p>Kupi Cz, est\u00e1 empenhada no cumprimento do <a href=\"https:\/\/eur-lex.europa.eu\/legal-content\/PT\/TXT\/PDF\/?uri=CELEX:32016R0679&amp;from=PT\">Regulamento Geral sobre a Prote\u00e7\u00e3o de Dados<\/a>* (RGPD), assegurando a prote\u00e7\u00e3o de dados pessoais e refor\u00e7ando a rela\u00e7\u00e3o de confian\u00e7a que a compromete com o leitor.<\/p>\n<p>A presente Pol\u00edtica de Privacidade informa-o sobre os dados pessoais que recolhemos, como os tratamos, para que finalidades, com quem os partilhamos, qual o per\u00edodo de conserva\u00e7\u00e3o ou os crit\u00e9rios que aplicamos, assim como as diferentes formas de nos contactar para conhecer e exercer os seus direitos.<\/p>\n<p>A Kupi Cz reserva-se o direito de alterar a Pol\u00edtica de Privacidade, pelo que convidamos o leitor \u00e0 consulta regular do presente documento. Caso a Pol\u00edtica de Privacidade seja alterada, colocaremos um aviso nas plataformas digitais das nossas publica\u00e7\u00f5es.<\/p>\n<h2>1. Os seus dados pessoais<\/h2>\n<p>Durante a sua visita a este site, recolheremos automaticamente os seguintes dados pessoais sobre si:<\/p>\n<ul>\n<li>informa\u00e7\u00f5es sobre as p\u00e1ginas que visita neste site;<\/li>\n<li>data e hora da sua visita,<\/li>\n<li>endere\u00e7o IP,<\/li>\n<li>navegador da Web,<\/li>\n<li>o site (URL) que visitou antes de aceder a este site e<\/li>\n<li>alguns cookies (veja a se\u00e7\u00e3o 2.1 abaixo e consulte tamb\u00e9m a nossa pol\u00edtica de cookies).<\/li>\n<\/ul>\n<p>Al\u00e9m disso n\u00f3s recolheremos toda a informa\u00e7\u00e3o que nos submeter ao usar os formul\u00e1rios de contato dispon\u00edveis neste site.<\/p>\n<h2>2. Cookies, Google Analytics, Google Ads e Facebook<\/h2>\n<h3>2.1. Cookies<\/h3>\n<p>Este site usa os chamados cookies. Um cookie \u00e9 um pequeno arquivo que pode ser guardado no seu computador quando voc\u00ea visita um site.<\/p>\n<p>Os cookies s\u00e3o geralmente usados para fornecer aos visitantes do site funcionalidades adicionais dentro do site. Eles podem, por exemplo, ser criados para manter o controle da sua visita e apoiar a sua navega\u00e7\u00e3o no site, ajud\u00e1-lo a continuar onde ficou e\/ou lembrar suas prefer\u00eancias e configura\u00e7\u00f5es quando visitar o site novamente.<\/p>\n<p>Os cookies n\u00e3o podem aceder, ler ou modificar quaisquer outros dados no seu computador. A maioria dos cookies usados neste site s\u00e3o os chamados cookies de sess\u00e3o. S\u00e3o apagados automaticamente quando sair do Web site.<\/p>\n<p>Existem ainda os cookies persistentes, estes permanecem no seu computador at\u00e9 que os apague no seu navegador. N\u00f3s usamos cookies persistentes para o reconhecer quando visitar este site da pr\u00f3xima vez.<\/p>\n<p>Se quiser controlar os cookies instalados no seu computador, poder\u00e1 modificar as configura\u00e7\u00f5es do seu navegador para que ele o notifique quando um site tentar instalar um cookie ou poder\u00e1 bloquear os cookies definitivamente. Tamb\u00e9m poder\u00e1 excluir cookies que j\u00e1 foram instalados no seu computador. Consulte a fun\u00e7\u00e3o \u2018Ajuda\u2018 no seu navegador para obter mais informa\u00e7\u00f5es sobre como executar estes passos.<\/p>\n<p>Por favor, note que, no entanto, ao desativar os cookies pode afetar a sua experi\u00eancia online e\/ou impedi-lo de tirar pleno partido do nosso site.<\/p>\n<p>Se tiver quest\u00f5es ou coment\u00e1rios sobre a nossa utiliza\u00e7\u00e3o de cookies pode consultar a nossa pol\u00edtica de cookies aqui ou contacte-nos atrav\u00e9s do e-mail <span data-sheets-value=\"{&quot;1&quot;:2,&quot;2&quot;:&quot;portugal@kupi-cz.com&quot;}\" data-sheets-userformat=\"{&quot;2&quot;:513,&quot;3&quot;:{&quot;1&quot;:0},&quot;12&quot;:0}\">portugal@kupi-cz.com.<\/span><\/p>\n<p><a class=\"row-title\" href=\"https:\/\/kupi-cz.com\/pt\/politica-de-cookies\/\" aria-label=\"\u201cPol\u00edtica de Cookies\u201d (Editar)\">Pol\u00edtica de Cookies<\/a><\/p>\n<h3>2.2. Google Analytics<\/h3>\n<p><a href=\"https:\/\/policies.google.com\/technologies\/partner-sites?hl=pt-PT\">https:\/\/policies.google.com\/technologies\/partner-sites?hl=pt-PT<\/a><br \/>\n<a href=\"https:\/\/marketingplatform.google.com\/intl\/pt-BR_br\/about\/\">https:\/\/marketingplatform.google.com\/intl\/pt-BR_br\/about\/<\/a><\/p>\n<h3>2.3. Google Ads<\/h3>\n<p><a href=\"https:\/\/policies.google.com\/technologies\/ads?hl=pt-PT\">https:\/\/policies.google.com\/technologies\/ads?hl=pt-PT<\/a><\/p>\n<h3>2.4. reCAPTCHA V2<\/h3>\n<p>Este website est\u00e1 protegido de utiliza\u00e7\u00e3o abusiva dos seus formul\u00e1rios pela ferramenta reCAPTCHA da Google.<\/p>\n<p>Pode consultar a politica de privacidade e os termos de servi\u00e7o aplicaveis a esta ferramenta em:<\/p>\n<p><a href=\"https:\/\/policies.google.com\/privacy\">https:\/\/policies.google.com\/privacy<\/a><br \/>\n<a href=\"https:\/\/policies.google.com\/terms\">https:\/\/policies.google.com\/terms<\/a><\/p>\n<h3>2.5. Partilha nas Redes Sociais<\/h3>\n<p>As nossas p\u00e1ginas integram plugins da rede social Facebook, Whatsapp e Twitter. Quando visita as nossas p\u00e1ginas e caso utilize esta op\u00e7\u00e3o de partilha de conte\u00fados vai estabelecer uma liga\u00e7\u00e3o directa para essas plataformas e os seus servidores. As plataformas podem correlacionar a sua visita ao nosso site com a sua conta de utilizador. N\u00f3s declaramos que como fornecedor deste Web site n\u00e3o temos nenhum conhecimento dos dados transmitidos ou de como estas plataformas os poder\u00e3o usar. Para mais informa\u00e7\u00f5es, por favor, consulte a declara\u00e7\u00e3o de privacidade de cada uma das plataformas.<\/p>\n<h2>3. Fins para os quais utilizamos os seus dados<\/h2>\n<p>N\u00f3s usamos os seus dados pessoais para lhe disponibilizar este Web site como utilizador, para gerar estat\u00edsticas do uso, para melhorar e desenvolver este Web site.<\/p>\n<h2>4. Base Jur\u00eddica para o Tratamento<\/h2>\n<p>A base jur\u00eddica para o tratamento dos seus dados ser\u00e1 o nosso interesse leg\u00edtimo vigente (nos termos do n. \u00ba 1, al\u00ednea f, do artigo 6. \u00ba do Regulamento Geral de Prote\u00e7\u00e3o de Dados da UE, \u201cRGPD\u201d).<\/p>\n<p>Se n\u00f3s processarmos certos dados pessoais sobre si que recebemos de outro membro da rede de franquias, em particular os nossos franqueados, a base jur\u00eddica para o processamento ser\u00e1 o seu consentimento nos termos do n \u00ba 1, al\u00ednea a, do artigo 6\u00ba RGPD que ser\u00e1 solicitado de forma separada. Para essa recolha ser\u00e1 pedido o seu consentimento, poder\u00e1 retirar o seu consentimento a qualquer momento. No entanto, isso n\u00e3o afeta a legalidade do processamento de seus dados com base no consentimento antes de sua retirada.<\/p>\n<h2>5. Divulga\u00e7\u00f5es e Transfer\u00eancias de dados<\/h2>\n<p>Os dados pessoais podem ser transmitidos a subcontratantes para que estes os tratem em nome e por conta da Kupi Cz. Neste caso, a Kupi Cz toma as medidas contratuais necess\u00e1rias para que os subcontratantes garantam o respeito e prote\u00e7\u00e3o os dados pessoais do titular.<\/p>\n<p>Os dados podem tamb\u00e9m ser transmitidos a terceiros \u2013 entidades distintas da Kupi Cz ou dos subcontratantes \u2013 como por exemplo empresas com quem a Kupi Cz desenvolva parcerias, no caso de o titular ter consentido, ou entidades a quem os dados tenham de ser comunicados por for\u00e7a da lei, como a Autoridade Tribut\u00e1ria, autoridades judici\u00e1rias, \u00f3rg\u00e3os de pol\u00edcia criminal, entre outras.<\/p>\n<p>A Kupi Cz assegurar\u00e1 que as transfer\u00eancias de dados pessoais para um pa\u00eds terceiro fora do espa\u00e7o da UE e que n\u00e3o integre a lista de pa\u00edses que a UE se realizam no estrito cumprimento das normas legais aplic\u00e1veis. O n\u00edvel de prote\u00e7\u00e3o de dados noutro pa\u00eds pode n\u00e3o ser equivalente ao do seu pa\u00eds. No entanto, s\u00f3 transferimos os seus dados pessoais para pa\u00edses que a Comiss\u00e3o Europeia decidiu que t\u00eam um n\u00edvel adequado de prote\u00e7\u00e3o de dados ou tomamos medidas para garantir que todos os destinat\u00e1rios forne\u00e7am um n\u00edvel adequado de prote\u00e7\u00e3o de dados. Fazemos isto, por exemplo, atrav\u00e9s de acordos de transfer\u00eancia de dados apropriados, baseados em cl\u00e1usulas contratuais-tipo (2010\/87\/CE e\/ou 2004\/915\/CE). Esses acordos s\u00e3o acess\u00edveis mediante pedido de <span data-sheets-value=\"{&quot;1&quot;:2,&quot;2&quot;:&quot;portugal@kupi-cz.com&quot;}\" data-sheets-userformat=\"{&quot;2&quot;:513,&quot;3&quot;:{&quot;1&quot;:0},&quot;12&quot;:0}\">portugal@kupi-cz.com.<\/span><\/p>\n<h2>6. Per\u00edodos de reten\u00e7\u00e3o<\/h2>\n<p>N\u00f3s iremos conservar os seus dados que recolhemos automaticamente quando visita este Web site pelo tempo m\u00e1ximo de seis meses. Se subscreveu a nossa newsletter, vamos manter o seu endere\u00e7o de e-mail at\u00e9 proceder ao cancelamento da nossa newsletter. Caso se tenha registado no nosso Web site, n\u00f3s iremos conservar os seus dados enquanto a sua conta existir e depois disso somente se houver alguma obriga\u00e7\u00e3o legal para reter seus dados.<\/p>\n<h2>7. Os seus Direitos<\/h2>\n<p>O Cliente, sendo titular dos dados, tem o direito de aceder a todos os seus dados. Tem ainda, o direito de exigir a sua limita\u00e7\u00e3o, retifica\u00e7\u00e3o, oposi\u00e7\u00e3o ou apagamento nos limites legalmente impostos.<\/p>\n<p>O Cliente, enquanto titular dos dados, tem, tam\u00e9m, o direito de retirar o seu consentimento para o tratamento dos dados em qualquer momento. Esta altera\u00e7\u00e3o do consentimento n\u00e3o compromete a licitude do tratamento efetuado com base no consentimento anteriormente dado.<\/p>\n<p>Quando se manifesta tecnicamente vi\u00e1vel, o Cliente pode solicitar a portabilidade dos seus dados para outro respons\u00e1vel de tratamento, sendo que os mesmos ser\u00e3o conservados apenas para o exerc\u00edcio ou defesa de reclama\u00e7\u00f5es.<\/p>\n<p>Tamb\u00e9m com este prop\u00f3sito (efeitos \u00fanicos de declara\u00e7\u00e3o, exerc\u00edcio ou defesa de um direito num processo judicial), os dados poder\u00e3o ser conservados quando exercidos alguns dos direitos acima identificados.<\/p>\n<p>Na eventualidade de querer exercer estes direitos ou para qualquer outra quest\u00e3o adicional respeitante \u00e0 prote\u00e7\u00e3o de dados e seu tratamento, dever\u00e1 contactar por escrito o respons\u00e1vel atrav\u00e9s do contacto abaixo indicado. Ser-lhe-\u00e1 sempre solicitado um comprovativo da identidade do titular dos dados. Adicionalmente, e se em algum momento considerar que os seus direitos n\u00e3o foram devidamente acautelados, poder\u00e1 apresentar uma reclama\u00e7\u00e3o junto da Comiss\u00e3o Nacional de Prote\u00e7\u00e3o de Dados.<\/p>\n<p>Poder\u00e1 encontrar informa\u00e7\u00e3o complementar consultando o site da referida Comiss\u00e3o <a href=\"https:\/\/www.cnpd.pt\/\" target=\"_blank\" rel=\"noopener\">https:\/\/www.cnpd.pt\/<\/a>.<\/p>\n<h2>8. Contacte-nos<\/h2>\n<p>Se tiver qualquer quest\u00e3o sobre a pol\u00edtica de privacidade implementada pela Kupi Cz ou outro assunto relacionado, entre em contacto conosco para:<\/p>\n<p>E-mail:<\/p>\n<p style=\"padding-left: 40px;\"><span data-sheets-value=\"{&quot;1&quot;:2,&quot;2&quot;:&quot;portugal@kupi-cz.com&quot;}\" data-sheets-userformat=\"{&quot;2&quot;:513,&quot;3&quot;:{&quot;1&quot;:0},&quot;12&quot;:0}\">portugal@kupi-cz.com<\/span><\/p>\n<p>Carta<\/p>\n<p style=\"padding-left: 40px;\">R. Joaquim Agostinho 16, 1750-126 Lisboa, Portugal<\/p>\n<p style=\"text-align: right;\">Obrigado por ler a nossa Pol\u00edtica de Privacidade.<\/p>\n<p>* Regulamento (UE) 2016\/679 do Parlamento Europeu e do Conselho, de 27 de abril de 2016, relativo \u00e0 prote\u00e7\u00e3o das pessoas singulares no que diz respeito ao tratamento de dados pessoais e \u00e0 livre circula\u00e7\u00e3o desses dados e que revoga a Diretiva 95\/46\/CE (Regulamento Geral sobre a Prote\u00e7\u00e3o de Dados) (JO L 119 de 4.5.2016).<\/p>\n<p style=\"text-align: right;\"><em>\u00daltima atualiza\u00e7\u00e3o: 12.01.2023<\/em><\/p>\n","protected":false},"excerpt":{"rendered":"<p>Pol\u00edtica de privacidade para Utilizadores do Site e Clientes Finais Este site kupi-cz.com\/pt\/ \u00e9 operado por Kupi Cz s.r.o. e sede na R. Joaquim Agostinho 16, 1750-126 Lisboa, Portugal (doravante \u201cKupi Cz\u201d ou \u201cn\u00f3s\u201d). Esta pol\u00edtica de privacidade descreve como n\u00f3s recolhemos e processamos seus dados pessoais. A Kupi Cz est\u00e1 empenhada em proteger os [&hellip;]<\/p>\n","protected":false},"author":5,"featured_media":6150,"parent":0,"menu_order":0,"comment_status":"closed","ping_status":"open","template":"","meta":{"site-sidebar-layout":"default","site-content-layout":"default","ast-site-content-layout":"default","site-content-style":"default","site-sidebar-style":"default","ast-global-header-display":"","ast-banner-title-visibility":"","ast-main-header-display":"","ast-hfb-above-header-display":"","ast-hfb-below-header-display":"","ast-hfb-mobile-header-display":"","site-post-title":"","ast-breadcrumbs-content":"","ast-featured-img":"disabled","footer-sml-layout":"","ast-disable-related-posts":"","theme-transparent-header-meta":"default","adv-header-id-meta":"","stick-header-meta":"","header-above-stick-meta":"","header-main-stick-meta":"","header-below-stick-meta":"","astra-migrate-meta-layouts":"default","ast-page-background-enabled":"default","ast-page-background-meta":{"desktop":{"background-color":"","background-image":"","background-repeat":"repeat","background-position":"center center","background-size":"auto","background-attachment":"scroll","background-type":"","background-media":"","overlay-type":"","overlay-color":"","overlay-opacity":"","overlay-gradient":""},"tablet":{"background-color":"","background-image":"","background-repeat":"repeat","background-position":"center center","background-size":"auto","background-attachment":"scroll","background-type":"","background-media":"","overlay-type":"","overlay-color":"","overlay-opacity":"","overlay-gradient":""},"mobile":{"background-color":"","background-image":"","background-repeat":"repeat","background-position":"center center","background-size":"auto","background-attachment":"scroll","background-type":"","background-media":"","overlay-type":"","overlay-color":"","overlay-opacity":"","overlay-gradient":""}},"ast-content-background-meta":{"desktop":{"background-color":"var(--ast-global-color-5)","background-image":"","background-repeat":"repeat","background-position":"center center","background-size":"auto","background-attachment":"scroll","background-type":"","background-media":"","overlay-type":"","overlay-color":"","overlay-opacity":"","overlay-gradient":""},"tablet":{"background-color":"var(--ast-global-color-5)","background-image":"","background-repeat":"repeat","background-position":"center center","background-size":"auto","background-attachment":"scroll","background-type":"","background-media":"","overlay-type":"","overlay-color":"","overlay-opacity":"","overlay-gradient":""},"mobile":{"background-color":"var(--ast-global-color-5)","background-image":"","background-repeat":"repeat","background-position":"center center","background-size":"auto","background-attachment":"scroll","background-type":"","background-media":"","overlay-type":"","overlay-color":"","overlay-opacity":"","overlay-gradient":""}},"footnotes":""},"class_list":["post-3","page","type-page","status-publish","has-post-thumbnail","hentry"],"_links":{"self":[{"href":"https:\/\/kupi-cz.com\/pt\/wp-json\/wp\/v2\/pages\/3","targetHints":{"allow":["GET"]}}],"collection":[{"href":"https:\/\/kupi-cz.com\/pt\/wp-json\/wp\/v2\/pages"}],"about":[{"href":"https:\/\/kupi-cz.com\/pt\/wp-json\/wp\/v2\/types\/page"}],"author":[{"embeddable":true,"href":"https:\/\/kupi-cz.com\/pt\/wp-json\/wp\/v2\/users\/5"}],"replies":[{"embeddable":true,"href":"https:\/\/kupi-cz.com\/pt\/wp-json\/wp\/v2\/comments?post=3"}],"version-history":[{"count":0,"href":"https:\/\/kupi-cz.com\/pt\/wp-json\/wp\/v2\/pages\/3\/revisions"}],"wp:featuredmedia":[{"embeddable":true,"href":"https:\/\/kupi-cz.com\/pt\/wp-json\/wp\/v2\/media\/6150"}],"wp:attachment":[{"href":"https:\/\/kupi-cz.com\/pt\/wp-json\/wp\/v2\/media?parent=3"}],"curies":[{"name":"wp","href":"https:\/\/api.w.org\/{rel}","templated":true}]}}